{"id":101,"date":"2022-10-11T19:46:16","date_gmt":"2022-10-11T22:46:16","guid":{"rendered":"https:\/\/eccosalva.com.br\/rededebeneficios\/minha-conta\/"},"modified":"2022-12-08T19:31:26","modified_gmt":"2022-12-08T22:31:26","slug":"minha-conta","status":"publish","type":"page","link":"https:\/\/eccosalva.com.br\/rededebeneficios\/minha-conta\/","title":{"rendered":"Minha conta"},"content":{"rendered":"<p>[et_pb_section fb_built=&#8221;1&#8243; _builder_version=&#8221;4.19.1&#8243; _module_preset=&#8221;default&#8221; background_enable_color=&#8221;off&#8221; custom_padding=&#8221;||50px||false|false&#8221; box_shadow_style=&#8221;preset1&#8243; box_shadow_blur=&#8221;80px&#8221; locked=&#8221;off&#8221; global_colors_info=&#8221;{}&#8221;][et_pb_row column_structure=&#8221;1_3,1_3,1_3&#8243; _builder_version=&#8221;4.19.2&#8243; _module_preset=&#8221;default&#8221; width=&#8221;100%&#8221; max_width=&#8221;100%&#8221; custom_css_main_element=&#8221;display:flex;||align-items:center;||justify-content: center;&#8221; global_colors_info=&#8221;{}&#8221;][et_pb_column type=&#8221;1_3&#8243; _builder_version=&#8221;4.19.0&#8243; _module_preset=&#8221;default&#8221; global_colors_info=&#8221;{}&#8221;][et_pb_divider color=&#8221;#d9522b&#8221; divider_position=&#8221;center&#8221; divider_weight=&#8221;2px&#8221; _builder_version=&#8221;4.19.0&#8243; _module_preset=&#8221;default&#8221; global_colors_info=&#8221;{}&#8221;][\/et_pb_divider][\/et_pb_column][et_pb_column type=&#8221;1_3&#8243; _builder_version=&#8221;4.19.0&#8243; _module_preset=&#8221;default&#8221; global_colors_info=&#8221;{}&#8221;][et_pb_icon font_icon=&#8221;&#xf007;||fa||900&#8243; icon_color=&#8221;#d9522b&#8221; _builder_version=&#8221;4.19.0&#8243; _module_preset=&#8221;default&#8221; custom_margin=&#8221;||||false|false&#8221; global_colors_info=&#8221;{}&#8221;][\/et_pb_icon][et_pb_text _builder_version=&#8221;4.19.2&#8243; _module_preset=&#8221;default&#8221; text_font=&#8221;Roboto|700||on|||||&#8221; text_text_color=&#8221;#d9522b&#8221; text_font_size=&#8221;40px&#8221; text_line_height=&#8221;1.2em&#8221; text_orientation=&#8221;center&#8221; animation_style=&#8221;slide&#8221; animation_direction=&#8221;bottom&#8221; animation_duration=&#8221;950ms&#8221; animation_intensity_slide=&#8221;30%&#8221; global_colors_info=&#8221;{}&#8221;]<\/p>\n<p style=\"text-align: center;\">\u00c1rea do Usu\u00e1rio<\/p>\n<p>[\/et_pb_text][\/et_pb_column][et_pb_column type=&#8221;1_3&#8243; _builder_version=&#8221;4.19.0&#8243; _module_preset=&#8221;default&#8221; global_colors_info=&#8221;{}&#8221;][et_pb_divider color=&#8221;#d9522b&#8221; divider_position=&#8221;center&#8221; divider_weight=&#8221;2px&#8221; _builder_version=&#8221;4.19.0&#8243; _module_preset=&#8221;default&#8221; global_colors_info=&#8221;{}&#8221;][\/et_pb_divider][\/et_pb_column][\/et_pb_row][et_pb_row column_structure=&#8221;1_5,1_5,1_5,1_5,1_5&#8243; use_custom_gutter=&#8221;on&#8221; gutter_width=&#8221;2&#8243; _builder_version=&#8221;4.19.2&#8243; _module_preset=&#8221;default&#8221; display_conditions=&#8221;W3siaWQiOiJmYzhkZjhkNC04Y2UyLTRmOGEtYTEwMS0yYTc0NTMxODcwYzQiLCJjb25kaXRpb24iOiJ1c2VyUm9sZSIsImNvbmRpdGlvblNldHRpbmdzIjp7ImRpc3BsYXlSdWxlIjoiaXMiLCJ1c2VyUm9sZXMiOlt7ImxhYmVsIjoiQWRtaW5pc3RyYXRvciIsInZhbHVlIjoiYWRtaW5pc3RyYXRvciJ9LHsibGFiZWwiOiJFZGl0b3IiLCJ2YWx1ZSI6ImVkaXRvciJ9LHsibGFiZWwiOiJBdXRob3IiLCJ2YWx1ZSI6ImF1dGhvciJ9LHsibGFiZWwiOiJDb250cmlidXRvciIsInZhbHVlIjoiY29udHJpYnV0b3IifSx7ImxhYmVsIjoiU3Vic2NyaWJlciIsInZhbHVlIjoic3Vic2NyaWJlciJ9LHsibGFiZWwiOiJDdXN0b21lciIsInZhbHVlIjoiY3VzdG9tZXIifV0sInVzZXJJZHMiOiJVc2VyIElEcyBzZXBhcmF0ZWQgYnkgY29tbWFzIiwiYWRtaW5MYWJlbCI6IlBhcGVsIGRvIHVzdcOhcmlvIiwiZW5hYmxlQ29uZGl0aW9uIjoib24ifSwib3BlcmF0b3IiOiJPUiJ9XQ==&#8221; animation_style=&#8221;fade&#8221; animation_duration=&#8221;950ms&#8221; animation_starting_opacity=&#8221;10%&#8221; custom_css_main_element=&#8221;display:flex;||align-items:center;&#8221; border_width_bottom=&#8221;1px&#8221; border_color_bottom=&#8221;rgba(0,0,0,0.2)&#8221; global_colors_info=&#8221;{}&#8221;][et_pb_column type=&#8221;1_5&#8243; _builder_version=&#8221;4.19.1&#8243; _module_preset=&#8221;default&#8221; global_colors_info=&#8221;{}&#8221;][et_pb_blurb title=&#8221;Painel&#8221; url=&#8221;https:\/\/eccosalva.com.br\/rededebeneficios\/minha-conta\/&#8221; use_icon=&#8221;on&#8221; font_icon=&#8221;&#xf0ad;||fa||900&#8243; icon_color=&#8221;#FFFFFF&#8221; image_icon_width=&#8221;30px&#8221; _builder_version=&#8221;4.19.2&#8243; _module_preset=&#8221;default&#8221; header_font=&#8221;Roboto|700||on|||||&#8221; header_text_align=&#8221;center&#8221; header_text_color=&#8221;#FFFFFF&#8221; header_font_size=&#8221;14px&#8221; background_color=&#8221;#0a4092&#8243; image_icon_custom_margin=&#8221;||15px||false|false&#8221; custom_padding=&#8221;30px||30px||false|false&#8221; animation_style=&#8221;slide&#8221; animation_direction=&#8221;left&#8221; animation_duration=&#8221;950ms&#8221; animation_intensity_slide=&#8221;10%&#8221; link_option_url=&#8221;https:\/\/eccosalva.com.br\/rededebeneficios\/minha-conta\/&#8221; border_radii=&#8221;on|10px|10px|10px|10px&#8221; box_shadow_style=&#8221;preset1&#8243; locked=&#8221;off&#8221; global_colors_info=&#8221;{}&#8221; custom_margin__hover_enabled=&#8221;on|desktop&#8221; custom_margin__hover=&#8221;||||false|false&#8221; background__hover_enabled=&#8221;on|hover&#8221; background_color__hover=&#8221;#d9522b&#8221; background_enable_color__hover=&#8221;on&#8221;][\/et_pb_blurb][\/et_pb_column][et_pb_column type=&#8221;1_5&#8243; _builder_version=&#8221;4.19.1&#8243; _module_preset=&#8221;default&#8221; global_colors_info=&#8221;{}&#8221;][et_pb_blurb title=&#8221;Vouchers&#8221; url=&#8221;https:\/\/eccosalva.com.br\/rededebeneficios\/minha-conta\/orders&#8221; use_icon=&#8221;on&#8221; font_icon=&#8221;&#xe056;||divi||400&#8243; icon_color=&#8221;#FFFFFF&#8221; image_icon_width=&#8221;30px&#8221; _builder_version=&#8221;4.19.2&#8243; _module_preset=&#8221;default&#8221; header_font=&#8221;Roboto|700||on|||||&#8221; header_text_align=&#8221;center&#8221; header_text_color=&#8221;#FFFFFF&#8221; header_font_size=&#8221;14px&#8221; background_color=&#8221;#0a4092&#8243; image_icon_custom_margin=&#8221;||15px||false|false&#8221; custom_padding=&#8221;30px||30px||false|false&#8221; animation_style=&#8221;slide&#8221; animation_direction=&#8221;left&#8221; animation_duration=&#8221;950ms&#8221; animation_intensity_slide=&#8221;10%&#8221; link_option_url=&#8221;https:\/\/eccosalva.com.br\/rededebeneficios\/minha-conta\/orders&#8221; border_radii=&#8221;on|10px|10px|10px|10px&#8221; box_shadow_style=&#8221;preset1&#8243; locked=&#8221;off&#8221; global_colors_info=&#8221;{}&#8221; custom_margin__hover_enabled=&#8221;on|desktop&#8221; custom_margin__hover=&#8221;||||false|false&#8221; background__hover_enabled=&#8221;on|hover&#8221; background_color__hover=&#8221;#d9522b&#8221; background_enable_color__hover=&#8221;on&#8221;][\/et_pb_blurb][\/et_pb_column][et_pb_column type=&#8221;1_5&#8243; _builder_version=&#8221;4.19.1&#8243; _module_preset=&#8221;default&#8221; global_colors_info=&#8221;{}&#8221;][et_pb_blurb title=&#8221;Editar Conta&#8221; url=&#8221;https:\/\/eccosalva.com.br\/rededebeneficios\/minha-conta\/edit-account&#8221; use_icon=&#8221;on&#8221; font_icon=&#8221;&#xf406;||fa||900&#8243; icon_color=&#8221;#FFFFFF&#8221; image_icon_width=&#8221;30px&#8221; _builder_version=&#8221;4.19.2&#8243; _module_preset=&#8221;default&#8221; header_font=&#8221;Roboto|700||on|||||&#8221; header_text_align=&#8221;center&#8221; header_text_color=&#8221;#FFFFFF&#8221; header_font_size=&#8221;14px&#8221; background_color=&#8221;#0a4092&#8243; image_icon_custom_margin=&#8221;||15px||false|false&#8221; custom_padding=&#8221;30px||30px||false|false&#8221; animation_style=&#8221;slide&#8221; animation_direction=&#8221;left&#8221; animation_duration=&#8221;950ms&#8221; animation_intensity_slide=&#8221;10%&#8221; link_option_url=&#8221;https:\/\/eccosalva.com.br\/rededebeneficios\/minha-conta\/edit-account&#8221; border_radii=&#8221;on|10px|10px|10px|10px&#8221; box_shadow_style=&#8221;preset1&#8243; locked=&#8221;off&#8221; global_colors_info=&#8221;{}&#8221; custom_margin__hover_enabled=&#8221;on|desktop&#8221; custom_margin__hover=&#8221;||||false|false&#8221; background__hover_enabled=&#8221;on|hover&#8221; background_color__hover=&#8221;#d9522b&#8221; background_enable_color__hover=&#8221;on&#8221;][\/et_pb_blurb][\/et_pb_column][et_pb_column type=&#8221;1_5&#8243; _builder_version=&#8221;4.19.1&#8243; _module_preset=&#8221;default&#8221; global_colors_info=&#8221;{}&#8221;][et_pb_blurb title=&#8221;Cadastrar Dependentes&#8221; url=&#8221;https:\/\/eccosalva.com.br\/rededebeneficios\/minha-conta\/dependents\/&#8221; use_icon=&#8221;on&#8221; font_icon=&#8221;&#xf0c0;||fa||900&#8243; icon_color=&#8221;#FFFFFF&#8221; image_icon_width=&#8221;30px&#8221; _builder_version=&#8221;4.19.2&#8243; _module_preset=&#8221;default&#8221; header_font=&#8221;Roboto|700||on|||||&#8221; header_text_align=&#8221;center&#8221; header_text_color=&#8221;#FFFFFF&#8221; header_font_size=&#8221;14px&#8221; background_color=&#8221;#0a4092&#8243; image_icon_custom_margin=&#8221;||15px||false|false&#8221; custom_padding=&#8221;30px||30px||false|false&#8221; animation_style=&#8221;slide&#8221; animation_direction=&#8221;left&#8221; animation_duration=&#8221;950ms&#8221; animation_intensity_slide=&#8221;10%&#8221; link_option_url=&#8221;https:\/\/eccosalva.com.br\/rededebeneficios\/minha-conta\/dependents\/&#8221; hover_enabled=&#8221;0&#8243; border_radii=&#8221;on|10px|10px|10px|10px&#8221; box_shadow_style=&#8221;preset1&#8243; locked=&#8221;off&#8221; global_colors_info=&#8221;{}&#8221; custom_margin__hover_enabled=&#8221;on|desktop&#8221; custom_margin__hover=&#8221;||||false|false&#8221; background__hover_enabled=&#8221;on|hover&#8221; background_color__hover=&#8221;#d9522b&#8221; background_enable_color__hover=&#8221;on&#8221; sticky_enabled=&#8221;0&#8243;][\/et_pb_blurb][\/et_pb_column][et_pb_column type=&#8221;1_5&#8243; _builder_version=&#8221;4.19.1&#8243; _module_preset=&#8221;default&#8221; global_colors_info=&#8221;{}&#8221;][et_pb_blurb title=&#8221;Empresas Conveniadas&#8221; url=&#8221;https:\/\/eccosalva.com.br\/rededebeneficios\/loja\/&#8221; use_icon=&#8221;on&#8221; font_icon=&#8221;&#xf1ad;||fa||900&#8243; icon_color=&#8221;#FFFFFF&#8221; image_icon_width=&#8221;30px&#8221; _builder_version=&#8221;4.19.2&#8243; _module_preset=&#8221;default&#8221; header_font=&#8221;Roboto|700||on|||||&#8221; header_text_align=&#8221;center&#8221; header_text_color=&#8221;#FFFFFF&#8221; header_font_size=&#8221;14px&#8221; background_color=&#8221;#0a4092&#8243; image_icon_custom_margin=&#8221;||15px||false|false&#8221; custom_padding=&#8221;30px||30px||false|false&#8221; animation_style=&#8221;slide&#8221; animation_direction=&#8221;left&#8221; animation_duration=&#8221;950ms&#8221; animation_intensity_slide=&#8221;10%&#8221; link_option_url=&#8221;https:\/\/eccosalva.com.br\/rededebeneficios\/loja\/&#8221; border_radii=&#8221;on|10px|10px|10px|10px&#8221; box_shadow_style=&#8221;preset1&#8243; locked=&#8221;off&#8221; global_colors_info=&#8221;{}&#8221; custom_margin__hover_enabled=&#8221;on|desktop&#8221; custom_margin__hover=&#8221;||||false|false&#8221; background__hover_enabled=&#8221;on|hover&#8221; background_color__hover=&#8221;#d9522b&#8221; background_enable_color__hover=&#8221;on&#8221;][\/et_pb_blurb][\/et_pb_column][\/et_pb_row][et_pb_row _builder_version=&#8221;4.19.1&#8243; _module_preset=&#8221;default&#8221; animation_style=&#8221;slide&#8221; animation_direction=&#8221;bottom&#8221; animation_duration=&#8221;950ms&#8221; animation_intensity_slide=&#8221;10%&#8221; global_colors_info=&#8221;{}&#8221;][et_pb_column type=&#8221;4_4&#8243; _builder_version=&#8221;4.19.1&#8243; _module_preset=&#8221;default&#8221; global_colors_info=&#8221;{}&#8221;][et_pb_text _builder_version=&#8221;4.19.1&#8243; _module_preset=&#8221;default&#8221; text_font=&#8221;Roboto||||||||&#8221; text_font_size=&#8221;16px&#8221; global_colors_info=&#8221;{}&#8221;]<\/p>\n<div class=\"woocommerce\"><\/div>\n<p>[\/et_pb_text][\/et_pb_column][\/et_pb_row][\/et_pb_section]<\/p>\n","protected":false},"excerpt":{"rendered":"<p>\u00c1rea do Usu\u00e1rio<div class=\"woocommerce\"><\/div><\/p>\n","protected":false},"author":1,"featured_media":0,"parent":0,"menu_order":0,"comment_status":"closed","ping_status":"closed","template":"","meta":{"_et_pb_use_builder":"on","_et_pb_old_content":"<!-- wp:shortcode -->[woocommerce_my_account]<!-- \/wp:shortcode -->","_et_gb_content_width":"","footnotes":""},"class_list":["post-101","page","type-page","status-publish","hentry"],"yoast_head":"<!-- This site is optimized with the Yoast SEO plugin v27.4 - https:\/\/yoast.com\/product\/yoast-seo-wordpress\/ -->\n<title>Minha conta - Ecco Salva - Rede de Benef\u00edcios<\/title>\n<meta name=\"robots\" content=\"index, follow, max-snippet:-1, max-image-preview:large, max-video-preview:-1\" \/>\n<link rel=\"canonical\" href=\"https:\/\/eccosalva.com.br\/rededebeneficios\/minha-conta\/\" \/>\n<meta property=\"og:locale\" content=\"pt_BR\" \/>\n<meta property=\"og:type\" content=\"article\" \/>\n<meta property=\"og:title\" content=\"Minha conta - Ecco Salva - Rede de Benef\u00edcios\" \/>\n<meta property=\"og:description\" content=\"\u00c1rea do Usu\u00e1rio\" \/>\n<meta property=\"og:url\" content=\"https:\/\/eccosalva.com.br\/rededebeneficios\/minha-conta\/\" \/>\n<meta property=\"og:site_name\" content=\"Ecco Salva - Rede de Benef\u00edcios\" \/>\n<meta property=\"article:publisher\" content=\"https:\/\/www.facebook.com\/eccosalvaoficial\/\" \/>\n<meta property=\"article:modified_time\" content=\"2022-12-08T22:31:26+00:00\" \/>\n<meta name=\"twitter:card\" content=\"summary_large_image\" \/>\n<meta name=\"twitter:label1\" content=\"Est. tempo de leitura\" \/>\n\t<meta name=\"twitter:data1\" content=\"6 minutos\" \/>\n<script type=\"application\/ld+json\" class=\"yoast-schema-graph\">{\"@context\":\"https:\\\/\\\/schema.org\",\"@graph\":[{\"@type\":\"WebPage\",\"@id\":\"https:\\\/\\\/eccosalva.com.br\\\/rededebeneficios\\\/minha-conta\\\/\",\"url\":\"https:\\\/\\\/eccosalva.com.br\\\/rededebeneficios\\\/minha-conta\\\/\",\"name\":\"Minha conta - Ecco Salva - Rede de Benef\u00edcios\",\"isPartOf\":{\"@id\":\"https:\\\/\\\/eccosalva.com.br\\\/rededebeneficios\\\/#website\"},\"datePublished\":\"2022-10-11T22:46:16+00:00\",\"dateModified\":\"2022-12-08T22:31:26+00:00\",\"breadcrumb\":{\"@id\":\"https:\\\/\\\/eccosalva.com.br\\\/rededebeneficios\\\/minha-conta\\\/#breadcrumb\"},\"inLanguage\":\"pt-BR\",\"potentialAction\":[{\"@type\":\"ReadAction\",\"target\":[\"https:\\\/\\\/eccosalva.com.br\\\/rededebeneficios\\\/minha-conta\\\/\"]}]},{\"@type\":\"BreadcrumbList\",\"@id\":\"https:\\\/\\\/eccosalva.com.br\\\/rededebeneficios\\\/minha-conta\\\/#breadcrumb\",\"itemListElement\":[{\"@type\":\"ListItem\",\"position\":1,\"name\":\"In\u00edcio\",\"item\":\"https:\\\/\\\/eccosalva.com.br\\\/rededebeneficios\\\/\"},{\"@type\":\"ListItem\",\"position\":2,\"name\":\"Minha conta\"}]},{\"@type\":\"WebSite\",\"@id\":\"https:\\\/\\\/eccosalva.com.br\\\/rededebeneficios\\\/#website\",\"url\":\"https:\\\/\\\/eccosalva.com.br\\\/rededebeneficios\\\/\",\"name\":\"Ecco Salva - Rede de Benef\u00edcios\",\"description\":\"\",\"publisher\":{\"@id\":\"https:\\\/\\\/eccosalva.com.br\\\/rededebeneficios\\\/#organization\"},\"potentialAction\":[{\"@type\":\"SearchAction\",\"target\":{\"@type\":\"EntryPoint\",\"urlTemplate\":\"https:\\\/\\\/eccosalva.com.br\\\/rededebeneficios\\\/?s={search_term_string}\"},\"query-input\":{\"@type\":\"PropertyValueSpecification\",\"valueRequired\":true,\"valueName\":\"search_term_string\"}}],\"inLanguage\":\"pt-BR\"},{\"@type\":\"Organization\",\"@id\":\"https:\\\/\\\/eccosalva.com.br\\\/rededebeneficios\\\/#organization\",\"name\":\"Ecco Salva - Rede de Benef\u00edcios\",\"url\":\"https:\\\/\\\/eccosalva.com.br\\\/rededebeneficios\\\/\",\"logo\":{\"@type\":\"ImageObject\",\"inLanguage\":\"pt-BR\",\"@id\":\"https:\\\/\\\/eccosalva.com.br\\\/rededebeneficios\\\/#\\\/schema\\\/logo\\\/image\\\/\",\"url\":\"https:\\\/\\\/eccosalva.com.br\\\/rededebeneficios\\\/wp-content\\\/uploads\\\/2022\\\/11\\\/Logo_RedeBeneficios-e1666031007787.png\",\"contentUrl\":\"https:\\\/\\\/eccosalva.com.br\\\/rededebeneficios\\\/wp-content\\\/uploads\\\/2022\\\/11\\\/Logo_RedeBeneficios-e1666031007787.png\",\"width\":150,\"height\":64,\"caption\":\"Ecco Salva - Rede de Benef\u00edcios\"},\"image\":{\"@id\":\"https:\\\/\\\/eccosalva.com.br\\\/rededebeneficios\\\/#\\\/schema\\\/logo\\\/image\\\/\"},\"sameAs\":[\"https:\\\/\\\/www.facebook.com\\\/eccosalvaoficial\\\/\",\"https:\\\/\\\/www.instagram.com\\\/eccosalvaoficial\\\/\",\"https:\\\/\\\/br.linkedin.com\\\/company\\\/ecco-salva-emergencias-mdicas\"]}]}<\/script>\n<!-- \/ Yoast SEO plugin. -->","yoast_head_json":{"title":"Minha conta - Ecco Salva - Rede de Benef\u00edcios","robots":{"index":"index","follow":"follow","max-snippet":"max-snippet:-1","max-image-preview":"max-image-preview:large","max-video-preview":"max-video-preview:-1"},"canonical":"https:\/\/eccosalva.com.br\/rededebeneficios\/minha-conta\/","og_locale":"pt_BR","og_type":"article","og_title":"Minha conta - Ecco Salva - Rede de Benef\u00edcios","og_description":"\u00c1rea do Usu\u00e1rio","og_url":"https:\/\/eccosalva.com.br\/rededebeneficios\/minha-conta\/","og_site_name":"Ecco Salva - Rede de Benef\u00edcios","article_publisher":"https:\/\/www.facebook.com\/eccosalvaoficial\/","article_modified_time":"2022-12-08T22:31:26+00:00","twitter_card":"summary_large_image","twitter_misc":{"Est. tempo de leitura":"6 minutos"},"schema":{"@context":"https:\/\/schema.org","@graph":[{"@type":"WebPage","@id":"https:\/\/eccosalva.com.br\/rededebeneficios\/minha-conta\/","url":"https:\/\/eccosalva.com.br\/rededebeneficios\/minha-conta\/","name":"Minha conta - Ecco Salva - Rede de Benef\u00edcios","isPartOf":{"@id":"https:\/\/eccosalva.com.br\/rededebeneficios\/#website"},"datePublished":"2022-10-11T22:46:16+00:00","dateModified":"2022-12-08T22:31:26+00:00","breadcrumb":{"@id":"https:\/\/eccosalva.com.br\/rededebeneficios\/minha-conta\/#breadcrumb"},"inLanguage":"pt-BR","potentialAction":[{"@type":"ReadAction","target":["https:\/\/eccosalva.com.br\/rededebeneficios\/minha-conta\/"]}]},{"@type":"BreadcrumbList","@id":"https:\/\/eccosalva.com.br\/rededebeneficios\/minha-conta\/#breadcrumb","itemListElement":[{"@type":"ListItem","position":1,"name":"In\u00edcio","item":"https:\/\/eccosalva.com.br\/rededebeneficios\/"},{"@type":"ListItem","position":2,"name":"Minha conta"}]},{"@type":"WebSite","@id":"https:\/\/eccosalva.com.br\/rededebeneficios\/#website","url":"https:\/\/eccosalva.com.br\/rededebeneficios\/","name":"Ecco Salva - Rede de Benef\u00edcios","description":"","publisher":{"@id":"https:\/\/eccosalva.com.br\/rededebeneficios\/#organization"},"potentialAction":[{"@type":"SearchAction","target":{"@type":"EntryPoint","urlTemplate":"https:\/\/eccosalva.com.br\/rededebeneficios\/?s={search_term_string}"},"query-input":{"@type":"PropertyValueSpecification","valueRequired":true,"valueName":"search_term_string"}}],"inLanguage":"pt-BR"},{"@type":"Organization","@id":"https:\/\/eccosalva.com.br\/rededebeneficios\/#organization","name":"Ecco Salva - Rede de Benef\u00edcios","url":"https:\/\/eccosalva.com.br\/rededebeneficios\/","logo":{"@type":"ImageObject","inLanguage":"pt-BR","@id":"https:\/\/eccosalva.com.br\/rededebeneficios\/#\/schema\/logo\/image\/","url":"https:\/\/eccosalva.com.br\/rededebeneficios\/wp-content\/uploads\/2022\/11\/Logo_RedeBeneficios-e1666031007787.png","contentUrl":"https:\/\/eccosalva.com.br\/rededebeneficios\/wp-content\/uploads\/2022\/11\/Logo_RedeBeneficios-e1666031007787.png","width":150,"height":64,"caption":"Ecco Salva - Rede de Benef\u00edcios"},"image":{"@id":"https:\/\/eccosalva.com.br\/rededebeneficios\/#\/schema\/logo\/image\/"},"sameAs":["https:\/\/www.facebook.com\/eccosalvaoficial\/","https:\/\/www.instagram.com\/eccosalvaoficial\/","https:\/\/br.linkedin.com\/company\/ecco-salva-emergencias-mdicas"]}]}},"_links":{"self":[{"href":"https:\/\/eccosalva.com.br\/rededebeneficios\/wp-json\/wp\/v2\/pages\/101","targetHints":{"allow":["GET"]}}],"collection":[{"href":"https:\/\/eccosalva.com.br\/rededebeneficios\/wp-json\/wp\/v2\/pages"}],"about":[{"href":"https:\/\/eccosalva.com.br\/rededebeneficios\/wp-json\/wp\/v2\/types\/page"}],"author":[{"embeddable":true,"href":"https:\/\/eccosalva.com.br\/rededebeneficios\/wp-json\/wp\/v2\/users\/1"}],"replies":[{"embeddable":true,"href":"https:\/\/eccosalva.com.br\/rededebeneficios\/wp-json\/wp\/v2\/comments?post=101"}],"version-history":[{"count":0,"href":"https:\/\/eccosalva.com.br\/rededebeneficios\/wp-json\/wp\/v2\/pages\/101\/revisions"}],"wp:attachment":[{"href":"https:\/\/eccosalva.com.br\/rededebeneficios\/wp-json\/wp\/v2\/media?parent=101"}],"curies":[{"name":"wp","href":"https:\/\/api.w.org\/{rel}","templated":true}]}}